{"id":19,"date":"2021-07-22T14:09:43","date_gmt":"2021-07-22T12:09:43","guid":{"rendered":"http:\/\/dronett.net\/?page_id=19"},"modified":"2022-03-31T14:19:41","modified_gmt":"2022-03-31T12:19:41","slug":"a-propos-de","status":"publish","type":"page","link":"https:\/\/dronett.net\/index.php\/a-propos-de\/","title":{"rendered":"\u00c0 propos de DRONETT"},"content":{"rendered":"\n<p>Ing\u00e9nieur de formation, j&#8217;ai travaill\u00e9 dans le R&amp;D et l&#8217;IT de grands constructeurs Telecom. J&#8217;ai eu l&#8217;opportunit\u00e9 de pouvoir me reconvertir et ainsi cr\u00e9\u00e9er DRONETT combinant ma passion de la High Tech avec une envie d&#8217;entreprenariat afin d&#8217;offrir des services drones innovants. <\/p>\n\n\n\n<p>Je suis fier de mon implantation locale au c\u0153ur de la vall\u00e9e de Chevreuse et suis membre du<a href=\"https:\/\/cde-valleedechevreuse.fr\/\"> Cercle Des Entrepreneurs de la Vall\u00e9e de Chevreuse.<\/a><\/p>\n\n\n\n<figure class=\"wp-block-image size-large\"><a href=\"https:\/\/cde-valleedechevreuse.fr\/\"><img loading=\"lazy\" decoding=\"async\" width=\"1024\" height=\"205\" src=\"https:\/\/dronett.net\/wp-content\/uploads\/2022\/03\/cropped-CDE_WebTitle_770-1024x205.png\" alt=\"\" class=\"wp-image-384\" srcset=\"https:\/\/dronett.net\/wp-content\/uploads\/2022\/03\/cropped-CDE_WebTitle_770-1024x205.png 1024w, https:\/\/dronett.net\/wp-content\/uploads\/2022\/03\/cropped-CDE_WebTitle_770-300x60.png 300w, https:\/\/dronett.net\/wp-content\/uploads\/2022\/03\/cropped-CDE_WebTitle_770-768x154.png 768w, https:\/\/dronett.net\/wp-content\/uploads\/2022\/03\/cropped-CDE_WebTitle_770-1536x307.png 1536w, https:\/\/dronett.net\/wp-content\/uploads\/2022\/03\/cropped-CDE_WebTitle_770.png 1540w\" sizes=\"auto, (max-width: 1024px) 100vw, 1024px\" \/><\/a><\/figure>\n\n\n\n<p><a href=\"https:\/\/dronett.net\/index.php\/les-certifications\/\">Retrouvez ici nos certifications<\/a><\/p>\n","protected":false},"excerpt":{"rendered":"<p>Ing\u00e9nieur de formation, j&#8217;ai travaill\u00e9 dans le R&amp;D et l&#8217;IT de grands constructeurs Telecom. J&#8217;ai eu l&#8217;opportunit\u00e9 de pouvoir me reconvertir et ainsi cr\u00e9\u00e9er DRONETT combinant ma passion de la High Tech avec une envie d&#8217;entreprenariat afin d&#8217;offrir des services drones innovants. Je suis fier de mon implantation locale au c\u0153ur de la vall\u00e9e de&hellip; <a class=\"more-link\" href=\"https:\/\/dronett.net\/index.php\/a-propos-de\/\">Continue reading <span class=\"screen-reader-text\">\u00c0 propos de DRONETT<\/span><\/a><\/p>\n","protected":false},"author":1,"featured_media":0,"parent":0,"menu_order":0,"comment_status":"closed","ping_status":"closed","template":"","meta":{"_exactmetrics_skip_tracking":false,"_exactmetrics_sitenote_active":false,"_exactmetrics_sitenote_note":"","_exactmetrics_sitenote_category":0,"footnotes":""},"class_list":["post-19","page","type-page","status-publish","hentry","entry"],"yoast_head":"<!-- This site is optimized with the Yoast SEO plugin v27.1.1 - https:\/\/yoast.com\/product\/yoast-seo-wordpress\/ -->\n<title>\u00c0 propos de DRONETT - DRONETT.NET<\/title>\n<meta name=\"robots\" content=\"index, follow, max-snippet:-1, max-image-preview:large, max-video-preview:-1\" \/>\n<link rel=\"canonical\" href=\"https:\/\/dronett.net\/index.php\/a-propos-de\/\" \/>\n<meta property=\"og:locale\" content=\"en_US\" \/>\n<meta property=\"og:type\" content=\"article\" \/>\n<meta property=\"og:title\" content=\"\u00c0 propos de DRONETT - DRONETT.NET\" \/>\n<meta property=\"og:description\" content=\"Ing\u00e9nieur de formation, j&#8217;ai travaill\u00e9 dans le R&amp;D et l&#8217;IT de grands constructeurs Telecom. J&#8217;ai eu l&#8217;opportunit\u00e9 de pouvoir me reconvertir et ainsi cr\u00e9\u00e9er DRONETT combinant ma passion de la High Tech avec une envie d&#8217;entreprenariat afin d&#8217;offrir des services drones innovants. Je suis fier de mon implantation locale au c\u0153ur de la vall\u00e9e de&hellip; Continue reading \u00c0 propos de DRONETT\" \/>\n<meta property=\"og:url\" content=\"https:\/\/dronett.net\/index.php\/a-propos-de\/\" \/>\n<meta property=\"og:site_name\" content=\"DRONETT.NET\" \/>\n<meta property=\"article:publisher\" content=\"https:\/\/www.facebook.com\/dronett.net\" \/>\n<meta property=\"article:modified_time\" content=\"2022-03-31T12:19:41+00:00\" \/>\n<meta property=\"og:image\" content=\"https:\/\/dronett.net\/wp-content\/uploads\/2022\/03\/cropped-CDE_WebTitle_770-1024x205.png\" \/>\n<meta name=\"twitter:card\" content=\"summary_large_image\" \/>\n<meta name=\"twitter:label1\" content=\"Est. reading time\" \/>\n\t<meta name=\"twitter:data1\" content=\"1 minute\" \/>\n<script type=\"application\/ld+json\" class=\"yoast-schema-graph\">{\"@context\":\"https:\/\/schema.org\",\"@graph\":[{\"@type\":\"WebPage\",\"@id\":\"https:\/\/dronett.net\/index.php\/a-propos-de\/\",\"url\":\"https:\/\/dronett.net\/index.php\/a-propos-de\/\",\"name\":\"\u00c0 propos de DRONETT - DRONETT.NET\",\"isPartOf\":{\"@id\":\"https:\/\/dronett.net\/#website\"},\"primaryImageOfPage\":{\"@id\":\"https:\/\/dronett.net\/index.php\/a-propos-de\/#primaryimage\"},\"image\":{\"@id\":\"https:\/\/dronett.net\/index.php\/a-propos-de\/#primaryimage\"},\"thumbnailUrl\":\"https:\/\/dronett.net\/wp-content\/uploads\/2022\/03\/cropped-CDE_WebTitle_770-1024x205.png\",\"datePublished\":\"2021-07-22T12:09:43+00:00\",\"dateModified\":\"2022-03-31T12:19:41+00:00\",\"breadcrumb\":{\"@id\":\"https:\/\/dronett.net\/index.php\/a-propos-de\/#breadcrumb\"},\"inLanguage\":\"en-US\",\"potentialAction\":[{\"@type\":\"ReadAction\",\"target\":[\"https:\/\/dronett.net\/index.php\/a-propos-de\/\"]}]},{\"@type\":\"ImageObject\",\"inLanguage\":\"en-US\",\"@id\":\"https:\/\/dronett.net\/index.php\/a-propos-de\/#primaryimage\",\"url\":\"https:\/\/dronett.net\/wp-content\/uploads\/2022\/03\/cropped-CDE_WebTitle_770.png\",\"contentUrl\":\"https:\/\/dronett.net\/wp-content\/uploads\/2022\/03\/cropped-CDE_WebTitle_770.png\",\"width\":1540,\"height\":308},{\"@type\":\"BreadcrumbList\",\"@id\":\"https:\/\/dronett.net\/index.php\/a-propos-de\/#breadcrumb\",\"itemListElement\":[{\"@type\":\"ListItem\",\"position\":1,\"name\":\"Accueil\",\"item\":\"https:\/\/dronett.net\/\"},{\"@type\":\"ListItem\",\"position\":2,\"name\":\"\u00c0 propos de DRONETT\"}]},{\"@type\":\"WebSite\",\"@id\":\"https:\/\/dronett.net\/#website\",\"url\":\"https:\/\/dronett.net\/\",\"name\":\"DRONETT.NET\",\"description\":\"Nous fournissons des services drone de d\u00e9moussage de toiture et nettoyage de fa\u00e7ades\",\"publisher\":{\"@id\":\"https:\/\/dronett.net\/#organization\"},\"potentialAction\":[{\"@type\":\"SearchAction\",\"target\":{\"@type\":\"EntryPoint\",\"urlTemplate\":\"https:\/\/dronett.net\/?s={search_term_string}\"},\"query-input\":{\"@type\":\"PropertyValueSpecification\",\"valueRequired\":true,\"valueName\":\"search_term_string\"}}],\"inLanguage\":\"en-US\"},{\"@type\":\"Organization\",\"@id\":\"https:\/\/dronett.net\/#organization\",\"name\":\"dronett\",\"url\":\"https:\/\/dronett.net\/\",\"logo\":{\"@type\":\"ImageObject\",\"inLanguage\":\"en-US\",\"@id\":\"https:\/\/dronett.net\/#\/schema\/logo\/image\/\",\"url\":\"https:\/\/dronett.net\/wp-content\/uploads\/2021\/08\/drone2.png\",\"contentUrl\":\"https:\/\/dronett.net\/wp-content\/uploads\/2021\/08\/drone2.png\",\"width\":2642,\"height\":530,\"caption\":\"dronett\"},\"image\":{\"@id\":\"https:\/\/dronett.net\/#\/schema\/logo\/image\/\"},\"sameAs\":[\"https:\/\/www.facebook.com\/dronett.net\",\"https:\/\/www.instagram.com\/dronettnet\/\",\"https:\/\/www.linkedin.com\/company\/dronett\"]}]}<\/script>\n<!-- \/ Yoast SEO plugin. -->","yoast_head_json":{"title":"\u00c0 propos de DRONETT - DRONETT.NET","robots":{"index":"index","follow":"follow","max-snippet":"max-snippet:-1","max-image-preview":"max-image-preview:large","max-video-preview":"max-video-preview:-1"},"canonical":"https:\/\/dronett.net\/index.php\/a-propos-de\/","og_locale":"en_US","og_type":"article","og_title":"\u00c0 propos de DRONETT - DRONETT.NET","og_description":"Ing\u00e9nieur de formation, j&#8217;ai travaill\u00e9 dans le R&amp;D et l&#8217;IT de grands constructeurs Telecom. J&#8217;ai eu l&#8217;opportunit\u00e9 de pouvoir me reconvertir et ainsi cr\u00e9\u00e9er DRONETT combinant ma passion de la High Tech avec une envie d&#8217;entreprenariat afin d&#8217;offrir des services drones innovants. Je suis fier de mon implantation locale au c\u0153ur de la vall\u00e9e de&hellip; Continue reading \u00c0 propos de DRONETT","og_url":"https:\/\/dronett.net\/index.php\/a-propos-de\/","og_site_name":"DRONETT.NET","article_publisher":"https:\/\/www.facebook.com\/dronett.net","article_modified_time":"2022-03-31T12:19:41+00:00","og_image":[{"url":"https:\/\/dronett.net\/wp-content\/uploads\/2022\/03\/cropped-CDE_WebTitle_770-1024x205.png","type":"","width":"","height":""}],"twitter_card":"summary_large_image","twitter_misc":{"Est. reading time":"1 minute"},"schema":{"@context":"https:\/\/schema.org","@graph":[{"@type":"WebPage","@id":"https:\/\/dronett.net\/index.php\/a-propos-de\/","url":"https:\/\/dronett.net\/index.php\/a-propos-de\/","name":"\u00c0 propos de DRONETT - DRONETT.NET","isPartOf":{"@id":"https:\/\/dronett.net\/#website"},"primaryImageOfPage":{"@id":"https:\/\/dronett.net\/index.php\/a-propos-de\/#primaryimage"},"image":{"@id":"https:\/\/dronett.net\/index.php\/a-propos-de\/#primaryimage"},"thumbnailUrl":"https:\/\/dronett.net\/wp-content\/uploads\/2022\/03\/cropped-CDE_WebTitle_770-1024x205.png","datePublished":"2021-07-22T12:09:43+00:00","dateModified":"2022-03-31T12:19:41+00:00","breadcrumb":{"@id":"https:\/\/dronett.net\/index.php\/a-propos-de\/#breadcrumb"},"inLanguage":"en-US","potentialAction":[{"@type":"ReadAction","target":["https:\/\/dronett.net\/index.php\/a-propos-de\/"]}]},{"@type":"ImageObject","inLanguage":"en-US","@id":"https:\/\/dronett.net\/index.php\/a-propos-de\/#primaryimage","url":"https:\/\/dronett.net\/wp-content\/uploads\/2022\/03\/cropped-CDE_WebTitle_770.png","contentUrl":"https:\/\/dronett.net\/wp-content\/uploads\/2022\/03\/cropped-CDE_WebTitle_770.png","width":1540,"height":308},{"@type":"BreadcrumbList","@id":"https:\/\/dronett.net\/index.php\/a-propos-de\/#breadcrumb","itemListElement":[{"@type":"ListItem","position":1,"name":"Accueil","item":"https:\/\/dronett.net\/"},{"@type":"ListItem","position":2,"name":"\u00c0 propos de DRONETT"}]},{"@type":"WebSite","@id":"https:\/\/dronett.net\/#website","url":"https:\/\/dronett.net\/","name":"DRONETT.NET","description":"Nous fournissons des services drone de d\u00e9moussage de toiture et nettoyage de fa\u00e7ades","publisher":{"@id":"https:\/\/dronett.net\/#organization"},"potentialAction":[{"@type":"SearchAction","target":{"@type":"EntryPoint","urlTemplate":"https:\/\/dronett.net\/?s={search_term_string}"},"query-input":{"@type":"PropertyValueSpecification","valueRequired":true,"valueName":"search_term_string"}}],"inLanguage":"en-US"},{"@type":"Organization","@id":"https:\/\/dronett.net\/#organization","name":"dronett","url":"https:\/\/dronett.net\/","logo":{"@type":"ImageObject","inLanguage":"en-US","@id":"https:\/\/dronett.net\/#\/schema\/logo\/image\/","url":"https:\/\/dronett.net\/wp-content\/uploads\/2021\/08\/drone2.png","contentUrl":"https:\/\/dronett.net\/wp-content\/uploads\/2021\/08\/drone2.png","width":2642,"height":530,"caption":"dronett"},"image":{"@id":"https:\/\/dronett.net\/#\/schema\/logo\/image\/"},"sameAs":["https:\/\/www.facebook.com\/dronett.net","https:\/\/www.instagram.com\/dronettnet\/","https:\/\/www.linkedin.com\/company\/dronett"]}]}},"_links":{"self":[{"href":"https:\/\/dronett.net\/index.php\/wp-json\/wp\/v2\/pages\/19","targetHints":{"allow":["GET"]}}],"collection":[{"href":"https:\/\/dronett.net\/index.php\/wp-json\/wp\/v2\/pages"}],"about":[{"href":"https:\/\/dronett.net\/index.php\/wp-json\/wp\/v2\/types\/page"}],"author":[{"embeddable":true,"href":"https:\/\/dronett.net\/index.php\/wp-json\/wp\/v2\/users\/1"}],"replies":[{"embeddable":true,"href":"https:\/\/dronett.net\/index.php\/wp-json\/wp\/v2\/comments?post=19"}],"version-history":[{"count":4,"href":"https:\/\/dronett.net\/index.php\/wp-json\/wp\/v2\/pages\/19\/revisions"}],"predecessor-version":[{"id":385,"href":"https:\/\/dronett.net\/index.php\/wp-json\/wp\/v2\/pages\/19\/revisions\/385"}],"wp:attachment":[{"href":"https:\/\/dronett.net\/index.php\/wp-json\/wp\/v2\/media?parent=19"}],"curies":[{"name":"wp","href":"https:\/\/api.w.org\/{rel}","templated":true}]}}