{"id":140,"date":"2021-10-05T15:42:14","date_gmt":"2021-10-05T13:42:14","guid":{"rendered":"https:\/\/dronett.net\/?page_id=140"},"modified":"2021-10-06T10:14:51","modified_gmt":"2021-10-06T08:14:51","slug":"photogrammetrie","status":"publish","type":"page","link":"https:\/\/dronett.net\/index.php\/photogrammetrie\/","title":{"rendered":"Photogramm\u00e9trie"},"content":{"rendered":"\n<p>La photogramm\u00e9trie a\u00e9rienne par drone permet de mod\u00e9liser un environnement 3D \u00e0 partir d&#8217;un jeu de photographies a\u00e9riennes.<\/p>\n\n\n\n<p>La photogramm\u00e9trie pour quels usages :<\/p>\n\n\n\n<ul class=\"wp-block-list\"><li>L&#8217;am\u00e9nagement du territoire<\/li><li>L&#8217;\u00e9valuation des risques naturels<\/li><li>La mesure des surfaces<\/li><li>L&#8217;estimation des volumes<\/li><li>L&#8217;arch\u00e9ologie<\/li><li>&#8230;<\/li><\/ul>\n\n\n\n<p>La mise en oeuvre de GPS RTK permet d&#8217;obtenir des relev\u00e9s avec une pr\u00e9cision centim\u00e9trique<\/p>\n\n\n\n<p>Nous pouvons livrer :<\/p>\n\n\n\n<ul class=\"wp-block-list\"><li>Mod\u00e8le 3D<\/li><li>Orthophoto<\/li><li>Mod\u00e8le num\u00e9rique d&#8217;\u00e9l\u00e9vation<\/li><li>Nuage de points<\/li><li>Clich\u00e9s bruts<\/li><li>&#8230;<\/li><\/ul>\n\n\n\n<p>Un exemple avec la centrale solaire de Montoire sur Le Loir.<\/p>\n\n\n\n<figure class=\"wp-block-image size-large\"><img loading=\"lazy\" decoding=\"async\" width=\"1024\" height=\"553\" src=\"https:\/\/dronett.net\/wp-content\/uploads\/2021\/10\/centrale0-1024x553.png\" alt=\"\" class=\"wp-image-158\" srcset=\"https:\/\/dronett.net\/wp-content\/uploads\/2021\/10\/centrale0-1024x553.png 1024w, https:\/\/dronett.net\/wp-content\/uploads\/2021\/10\/centrale0-300x162.png 300w, https:\/\/dronett.net\/wp-content\/uploads\/2021\/10\/centrale0-768x414.png 768w, https:\/\/dronett.net\/wp-content\/uploads\/2021\/10\/centrale0-1536x829.png 1536w, https:\/\/dronett.net\/wp-content\/uploads\/2021\/10\/centrale0-1568x846.png 1568w, https:\/\/dronett.net\/wp-content\/uploads\/2021\/10\/centrale0.png 1701w\" sizes=\"auto, (max-width: 1024px) 100vw, 1024px\" \/><figcaption>Vue A\u00e9rienne de la centrale<\/figcaption><\/figure>\n\n\n\n<figure class=\"wp-block-image size-large\"><img loading=\"lazy\" decoding=\"async\" width=\"1024\" height=\"768\" src=\"https:\/\/dronett.net\/wp-content\/uploads\/2021\/10\/GSP_Centrale-1024x768.jpg\" alt=\"\" class=\"wp-image-160\" srcset=\"https:\/\/dronett.net\/wp-content\/uploads\/2021\/10\/GSP_Centrale-1024x768.jpg 1024w, https:\/\/dronett.net\/wp-content\/uploads\/2021\/10\/GSP_Centrale-300x225.jpg 300w, https:\/\/dronett.net\/wp-content\/uploads\/2021\/10\/GSP_Centrale-768x576.jpg 768w, https:\/\/dronett.net\/wp-content\/uploads\/2021\/10\/GSP_Centrale-1536x1152.jpg 1536w, https:\/\/dronett.net\/wp-content\/uploads\/2021\/10\/GSP_Centrale-2048x1536.jpg 2048w, https:\/\/dronett.net\/wp-content\/uploads\/2021\/10\/GSP_Centrale-1568x1176.jpg 1568w\" sizes=\"auto, (max-width: 1024px) 100vw, 1024px\" \/><figcaption>Mapping de la capture photographique avec DJI GS Pro<\/figcaption><\/figure>\n\n\n\n<figure class=\"wp-block-image size-large\"><img loading=\"lazy\" decoding=\"async\" width=\"1024\" height=\"608\" src=\"https:\/\/dronett.net\/wp-content\/uploads\/2021\/10\/centrale_maillage_photos-1024x608.png\" alt=\"\" class=\"wp-image-187\" srcset=\"https:\/\/dronett.net\/wp-content\/uploads\/2021\/10\/centrale_maillage_photos-1024x608.png 1024w, https:\/\/dronett.net\/wp-content\/uploads\/2021\/10\/centrale_maillage_photos-300x178.png 300w, https:\/\/dronett.net\/wp-content\/uploads\/2021\/10\/centrale_maillage_photos-768x456.png 768w, https:\/\/dronett.net\/wp-content\/uploads\/2021\/10\/centrale_maillage_photos.png 1134w\" sizes=\"auto, (max-width: 1024px) 100vw, 1024px\" \/><figcaption>La grille des photographies<\/figcaption><\/figure>\n\n\n\n<figure class=\"wp-block-image size-large\"><img loading=\"lazy\" decoding=\"async\" width=\"1024\" height=\"548\" src=\"https:\/\/dronett.net\/wp-content\/uploads\/2021\/10\/centrale1-1024x548.png\" alt=\"\" class=\"wp-image-159\" srcset=\"https:\/\/dronett.net\/wp-content\/uploads\/2021\/10\/centrale1-1024x548.png 1024w, https:\/\/dronett.net\/wp-content\/uploads\/2021\/10\/centrale1-300x161.png 300w, https:\/\/dronett.net\/wp-content\/uploads\/2021\/10\/centrale1-768x411.png 768w, https:\/\/dronett.net\/wp-content\/uploads\/2021\/10\/centrale1.png 1214w\" sizes=\"auto, (max-width: 1024px) 100vw, 1024px\" \/><figcaption>Le maillage des photos prises sur le terrain<\/figcaption><\/figure>\n\n\n\n<figure class=\"wp-block-image size-large\"><img loading=\"lazy\" decoding=\"async\" width=\"1024\" height=\"350\" src=\"https:\/\/dronett.net\/wp-content\/uploads\/2021\/10\/centrale_points-1024x350.png\" alt=\"\" class=\"wp-image-161\" srcset=\"https:\/\/dronett.net\/wp-content\/uploads\/2021\/10\/centrale_points-1024x350.png 1024w, https:\/\/dronett.net\/wp-content\/uploads\/2021\/10\/centrale_points-300x103.png 300w, https:\/\/dronett.net\/wp-content\/uploads\/2021\/10\/centrale_points-768x263.png 768w, https:\/\/dronett.net\/wp-content\/uploads\/2021\/10\/centrale_points.png 1272w\" sizes=\"auto, (max-width: 1024px) 100vw, 1024px\" \/><figcaption>Le nuage de Points reconstruit avec l&#8217;application de photogramm\u00e9trie<\/figcaption><\/figure>\n\n\n\n<figure class=\"wp-block-image size-large\"><img loading=\"lazy\" decoding=\"async\" width=\"1024\" height=\"461\" src=\"https:\/\/dronett.net\/wp-content\/uploads\/2021\/10\/centrale_3Dmodel-1024x461.png\" alt=\"\" class=\"wp-image-162\" srcset=\"https:\/\/dronett.net\/wp-content\/uploads\/2021\/10\/centrale_3Dmodel-1024x461.png 1024w, https:\/\/dronett.net\/wp-content\/uploads\/2021\/10\/centrale_3Dmodel-300x135.png 300w, https:\/\/dronett.net\/wp-content\/uploads\/2021\/10\/centrale_3Dmodel-768x346.png 768w, https:\/\/dronett.net\/wp-content\/uploads\/2021\/10\/centrale_3Dmodel.png 1273w\" sizes=\"auto, (max-width: 1024px) 100vw, 1024px\" \/><figcaption>Le mod\u00e8le num\u00e9rique en 3D<\/figcaption><\/figure>\n\n\n\n<figure class=\"wp-block-image size-large\"><img loading=\"lazy\" decoding=\"async\" width=\"1024\" height=\"572\" src=\"https:\/\/dronett.net\/wp-content\/uploads\/2021\/10\/centrale_DEM-1024x572.png\" alt=\"\" class=\"wp-image-163\" srcset=\"https:\/\/dronett.net\/wp-content\/uploads\/2021\/10\/centrale_DEM-1024x572.png 1024w, https:\/\/dronett.net\/wp-content\/uploads\/2021\/10\/centrale_DEM-300x167.png 300w, https:\/\/dronett.net\/wp-content\/uploads\/2021\/10\/centrale_DEM-768x429.png 768w, https:\/\/dronett.net\/wp-content\/uploads\/2021\/10\/centrale_DEM.png 1263w\" sizes=\"auto, (max-width: 1024px) 100vw, 1024px\" \/><figcaption>Le mod\u00e8le num\u00e9rique d&#8217;\u00e9l\u00e9vation<\/figcaption><\/figure>\n\n\n\n<figure class=\"wp-block-image size-large\"><img loading=\"lazy\" decoding=\"async\" width=\"1024\" height=\"567\" src=\"https:\/\/dronett.net\/wp-content\/uploads\/2021\/10\/centrale_Ortho-1024x567.png\" alt=\"\" class=\"wp-image-164\" srcset=\"https:\/\/dronett.net\/wp-content\/uploads\/2021\/10\/centrale_Ortho-1024x567.png 1024w, https:\/\/dronett.net\/wp-content\/uploads\/2021\/10\/centrale_Ortho-300x166.png 300w, https:\/\/dronett.net\/wp-content\/uploads\/2021\/10\/centrale_Ortho-768x425.png 768w, https:\/\/dronett.net\/wp-content\/uploads\/2021\/10\/centrale_Ortho.png 1270w\" sizes=\"auto, (max-width: 1024px) 100vw, 1024px\" \/><figcaption>L&#8217;orthophotographie du Terrain<\/figcaption><\/figure>\n\n\n\n    <div class='imgover'>\n    <div class='container'>\n    <style>\n        \/*[class^=\"icovrm-\"], [class*=\" icovrm-\"]  {*\/\n        [class^=\"icovrm-\"], [class*=\" icovrm-\"] {\n            color:#99CC99;\n        }\n    <\/style>\n    <i id='s1F' class='icovrm-img icon-ion-android-locate' ><\/i>\n    <i id='s1R' class='icovrm-img icon-ion-loop' ><\/i>\n    &nbsp;\n    <i id='s1Zu' class='icovrm-img icon-ion-arrow-up-b' ><\/i>\n    <i id='s1Zd' class='icovrm-img icon-ion-arrow-down-b' ><\/i>\n    &nbsp;\n    &nbsp;\n    <i id='s1FS' class='icovrm-img icon-ion-android-expand' ><\/i>\n    <!-- i id='s1FS' class='icovrm-img icon-ion-android-contract' ><\/i -->\n    <!-- i id='icovrm icon-refresh' 'icovrm icon-ion-desktop'><\/i -->\n    <div id='s1Spin'>\n        <img class='imgpreloader' src='https:\/\/dronett.net\/wp-content\/plugins\/vrm360\/drag2spin.svg'>\n        <img class='imgpreloader' src='https:\/\/dronett.net\/wp-content\/plugins\/vrm360\/ajax-loader.svg'\/>\n        <!-- changed svg viewBoxinside the svgs -->\n    <\/div>\n    <div id='s1S' class='s1' style='cursor:pointer;border: #D9D9D9; border-style:solid; border-width:1px; background-color: #D9D9D9'>\n    <\/div>\n    <\/div>\n    <\/div>\n    <script>\n    var autostart = true, backgcolor = '#D9D9D9', canvas_name = 's1';\n    var lightcolor = '#FFFFFF', light_intensity = 0.9, amb_lightcolor = '#9D9D9D', amb_light_intensity = 0.9;\n    var canvas_nameR = 's1R', canvas_nameFS = 's1FS', canvas_nameF = 's1F';\n    var canvas_nameS = 's1S', canvas_nameSpin = 's1Spin', canvas_nameM = 's1M';\n    var canvas_nameZu = 's1Zu', canvas_nameZd = 's1Zd', hide_cmds = 'false';\n    var model_url = 'https:\/\/dronett.net\/wp-content\/uploads\/2021\/10\/centralelow.obj', aspect_ratio = '1.3333', initial_offset = '1.0', speed = '1.0';\n    var touchtime = 0, info_text = '', info_link = '', ground= false, ground_offset = 0.0;\n    var rx = -90, ry = 0, rz = 0, grid= false, back_image_url = '';\n    var lx = 2.0, ly = 2.0, lz = 10.0, isOnMobile = 'false';\n    var mesh_color = '#FF5533', ground_color = '#999999', debug_vrm = 'false';\n    <\/script>\n    <script src='https:\/\/dronett.net\/wp-content\/plugins\/vrm360\/js\/main.js'\/><\/script>\n    \n\n\n\n<p><\/p>\n","protected":false},"excerpt":{"rendered":"<p>La photogramm\u00e9trie a\u00e9rienne par drone permet de mod\u00e9liser un environnement 3D \u00e0 partir d&#8217;un jeu de photographies a\u00e9riennes. La photogramm\u00e9trie pour quels usages : L&#8217;am\u00e9nagement du territoire L&#8217;\u00e9valuation des risques naturels La mesure des surfaces L&#8217;estimation des volumes L&#8217;arch\u00e9ologie &#8230; La mise en oeuvre de GPS RTK permet d&#8217;obtenir des relev\u00e9s avec une pr\u00e9cision centim\u00e9trique&hellip; <a class=\"more-link\" href=\"https:\/\/dronett.net\/index.php\/photogrammetrie\/\">Continue reading <span class=\"screen-reader-text\">Photogramm\u00e9trie<\/span><\/a><\/p>\n","protected":false},"author":1,"featured_media":0,"parent":0,"menu_order":0,"comment_status":"closed","ping_status":"closed","template":"","meta":{"_exactmetrics_skip_tracking":false,"_exactmetrics_sitenote_active":false,"_exactmetrics_sitenote_note":"","_exactmetrics_sitenote_category":0,"footnotes":""},"class_list":["post-140","page","type-page","status-publish","hentry","entry"],"yoast_head":"<!-- This site is optimized with the Yoast SEO plugin v27.1.1 - https:\/\/yoast.com\/product\/yoast-seo-wordpress\/ -->\n<title>Photogramm\u00e9trie - DRONETT.NET<\/title>\n<meta name=\"robots\" content=\"index, follow, max-snippet:-1, max-image-preview:large, max-video-preview:-1\" \/>\n<link rel=\"canonical\" href=\"https:\/\/dronett.net\/index.php\/photogrammetrie\/\" \/>\n<meta property=\"og:locale\" content=\"en_US\" \/>\n<meta property=\"og:type\" content=\"article\" \/>\n<meta property=\"og:title\" content=\"Photogramm\u00e9trie - DRONETT.NET\" \/>\n<meta property=\"og:description\" content=\"La photogramm\u00e9trie a\u00e9rienne par drone permet de mod\u00e9liser un environnement 3D \u00e0 partir d&#8217;un jeu de photographies a\u00e9riennes. La photogramm\u00e9trie pour quels usages : L&#8217;am\u00e9nagement du territoire L&#8217;\u00e9valuation des risques naturels La mesure des surfaces L&#8217;estimation des volumes L&#8217;arch\u00e9ologie &#8230; La mise en oeuvre de GPS RTK permet d&#8217;obtenir des relev\u00e9s avec une pr\u00e9cision centim\u00e9trique&hellip; Continue reading Photogramm\u00e9trie\" \/>\n<meta property=\"og:url\" content=\"https:\/\/dronett.net\/index.php\/photogrammetrie\/\" \/>\n<meta property=\"og:site_name\" content=\"DRONETT.NET\" \/>\n<meta property=\"article:publisher\" content=\"https:\/\/www.facebook.com\/dronett.net\" \/>\n<meta property=\"article:modified_time\" content=\"2021-10-06T08:14:51+00:00\" \/>\n<meta property=\"og:image\" content=\"https:\/\/dronett.net\/wp-content\/uploads\/2021\/10\/centrale0-1024x553.png\" \/>\n<meta name=\"twitter:card\" content=\"summary_large_image\" \/>\n<meta name=\"twitter:label1\" content=\"Est. reading time\" \/>\n\t<meta name=\"twitter:data1\" content=\"1 minute\" \/>\n<script type=\"application\/ld+json\" class=\"yoast-schema-graph\">{\"@context\":\"https:\/\/schema.org\",\"@graph\":[{\"@type\":\"WebPage\",\"@id\":\"https:\/\/dronett.net\/index.php\/photogrammetrie\/\",\"url\":\"https:\/\/dronett.net\/index.php\/photogrammetrie\/\",\"name\":\"Photogramm\u00e9trie - DRONETT.NET\",\"isPartOf\":{\"@id\":\"https:\/\/dronett.net\/#website\"},\"primaryImageOfPage\":{\"@id\":\"https:\/\/dronett.net\/index.php\/photogrammetrie\/#primaryimage\"},\"image\":{\"@id\":\"https:\/\/dronett.net\/index.php\/photogrammetrie\/#primaryimage\"},\"thumbnailUrl\":\"https:\/\/dronett.net\/wp-content\/uploads\/2021\/10\/centrale0-1024x553.png\",\"datePublished\":\"2021-10-05T13:42:14+00:00\",\"dateModified\":\"2021-10-06T08:14:51+00:00\",\"breadcrumb\":{\"@id\":\"https:\/\/dronett.net\/index.php\/photogrammetrie\/#breadcrumb\"},\"inLanguage\":\"en-US\",\"potentialAction\":[{\"@type\":\"ReadAction\",\"target\":[\"https:\/\/dronett.net\/index.php\/photogrammetrie\/\"]}]},{\"@type\":\"ImageObject\",\"inLanguage\":\"en-US\",\"@id\":\"https:\/\/dronett.net\/index.php\/photogrammetrie\/#primaryimage\",\"url\":\"https:\/\/dronett.net\/wp-content\/uploads\/2021\/10\/centrale0.png\",\"contentUrl\":\"https:\/\/dronett.net\/wp-content\/uploads\/2021\/10\/centrale0.png\",\"width\":1701,\"height\":918},{\"@type\":\"BreadcrumbList\",\"@id\":\"https:\/\/dronett.net\/index.php\/photogrammetrie\/#breadcrumb\",\"itemListElement\":[{\"@type\":\"ListItem\",\"position\":1,\"name\":\"Accueil\",\"item\":\"https:\/\/dronett.net\/\"},{\"@type\":\"ListItem\",\"position\":2,\"name\":\"Photogramm\u00e9trie\"}]},{\"@type\":\"WebSite\",\"@id\":\"https:\/\/dronett.net\/#website\",\"url\":\"https:\/\/dronett.net\/\",\"name\":\"DRONETT.NET\",\"description\":\"Nous fournissons des services drone de d\u00e9moussage de toiture et nettoyage de fa\u00e7ades\",\"publisher\":{\"@id\":\"https:\/\/dronett.net\/#organization\"},\"potentialAction\":[{\"@type\":\"SearchAction\",\"target\":{\"@type\":\"EntryPoint\",\"urlTemplate\":\"https:\/\/dronett.net\/?s={search_term_string}\"},\"query-input\":{\"@type\":\"PropertyValueSpecification\",\"valueRequired\":true,\"valueName\":\"search_term_string\"}}],\"inLanguage\":\"en-US\"},{\"@type\":\"Organization\",\"@id\":\"https:\/\/dronett.net\/#organization\",\"name\":\"dronett\",\"url\":\"https:\/\/dronett.net\/\",\"logo\":{\"@type\":\"ImageObject\",\"inLanguage\":\"en-US\",\"@id\":\"https:\/\/dronett.net\/#\/schema\/logo\/image\/\",\"url\":\"https:\/\/dronett.net\/wp-content\/uploads\/2021\/08\/drone2.png\",\"contentUrl\":\"https:\/\/dronett.net\/wp-content\/uploads\/2021\/08\/drone2.png\",\"width\":2642,\"height\":530,\"caption\":\"dronett\"},\"image\":{\"@id\":\"https:\/\/dronett.net\/#\/schema\/logo\/image\/\"},\"sameAs\":[\"https:\/\/www.facebook.com\/dronett.net\",\"https:\/\/www.instagram.com\/dronettnet\/\",\"https:\/\/www.linkedin.com\/company\/dronett\"]}]}<\/script>\n<!-- \/ Yoast SEO plugin. -->","yoast_head_json":{"title":"Photogramm\u00e9trie - DRONETT.NET","robots":{"index":"index","follow":"follow","max-snippet":"max-snippet:-1","max-image-preview":"max-image-preview:large","max-video-preview":"max-video-preview:-1"},"canonical":"https:\/\/dronett.net\/index.php\/photogrammetrie\/","og_locale":"en_US","og_type":"article","og_title":"Photogramm\u00e9trie - DRONETT.NET","og_description":"La photogramm\u00e9trie a\u00e9rienne par drone permet de mod\u00e9liser un environnement 3D \u00e0 partir d&#8217;un jeu de photographies a\u00e9riennes. La photogramm\u00e9trie pour quels usages : L&#8217;am\u00e9nagement du territoire L&#8217;\u00e9valuation des risques naturels La mesure des surfaces L&#8217;estimation des volumes L&#8217;arch\u00e9ologie &#8230; La mise en oeuvre de GPS RTK permet d&#8217;obtenir des relev\u00e9s avec une pr\u00e9cision centim\u00e9trique&hellip; Continue reading Photogramm\u00e9trie","og_url":"https:\/\/dronett.net\/index.php\/photogrammetrie\/","og_site_name":"DRONETT.NET","article_publisher":"https:\/\/www.facebook.com\/dronett.net","article_modified_time":"2021-10-06T08:14:51+00:00","og_image":[{"url":"https:\/\/dronett.net\/wp-content\/uploads\/2021\/10\/centrale0-1024x553.png","type":"","width":"","height":""}],"twitter_card":"summary_large_image","twitter_misc":{"Est. reading time":"1 minute"},"schema":{"@context":"https:\/\/schema.org","@graph":[{"@type":"WebPage","@id":"https:\/\/dronett.net\/index.php\/photogrammetrie\/","url":"https:\/\/dronett.net\/index.php\/photogrammetrie\/","name":"Photogramm\u00e9trie - DRONETT.NET","isPartOf":{"@id":"https:\/\/dronett.net\/#website"},"primaryImageOfPage":{"@id":"https:\/\/dronett.net\/index.php\/photogrammetrie\/#primaryimage"},"image":{"@id":"https:\/\/dronett.net\/index.php\/photogrammetrie\/#primaryimage"},"thumbnailUrl":"https:\/\/dronett.net\/wp-content\/uploads\/2021\/10\/centrale0-1024x553.png","datePublished":"2021-10-05T13:42:14+00:00","dateModified":"2021-10-06T08:14:51+00:00","breadcrumb":{"@id":"https:\/\/dronett.net\/index.php\/photogrammetrie\/#breadcrumb"},"inLanguage":"en-US","potentialAction":[{"@type":"ReadAction","target":["https:\/\/dronett.net\/index.php\/photogrammetrie\/"]}]},{"@type":"ImageObject","inLanguage":"en-US","@id":"https:\/\/dronett.net\/index.php\/photogrammetrie\/#primaryimage","url":"https:\/\/dronett.net\/wp-content\/uploads\/2021\/10\/centrale0.png","contentUrl":"https:\/\/dronett.net\/wp-content\/uploads\/2021\/10\/centrale0.png","width":1701,"height":918},{"@type":"BreadcrumbList","@id":"https:\/\/dronett.net\/index.php\/photogrammetrie\/#breadcrumb","itemListElement":[{"@type":"ListItem","position":1,"name":"Accueil","item":"https:\/\/dronett.net\/"},{"@type":"ListItem","position":2,"name":"Photogramm\u00e9trie"}]},{"@type":"WebSite","@id":"https:\/\/dronett.net\/#website","url":"https:\/\/dronett.net\/","name":"DRONETT.NET","description":"Nous fournissons des services drone de d\u00e9moussage de toiture et nettoyage de fa\u00e7ades","publisher":{"@id":"https:\/\/dronett.net\/#organization"},"potentialAction":[{"@type":"SearchAction","target":{"@type":"EntryPoint","urlTemplate":"https:\/\/dronett.net\/?s={search_term_string}"},"query-input":{"@type":"PropertyValueSpecification","valueRequired":true,"valueName":"search_term_string"}}],"inLanguage":"en-US"},{"@type":"Organization","@id":"https:\/\/dronett.net\/#organization","name":"dronett","url":"https:\/\/dronett.net\/","logo":{"@type":"ImageObject","inLanguage":"en-US","@id":"https:\/\/dronett.net\/#\/schema\/logo\/image\/","url":"https:\/\/dronett.net\/wp-content\/uploads\/2021\/08\/drone2.png","contentUrl":"https:\/\/dronett.net\/wp-content\/uploads\/2021\/08\/drone2.png","width":2642,"height":530,"caption":"dronett"},"image":{"@id":"https:\/\/dronett.net\/#\/schema\/logo\/image\/"},"sameAs":["https:\/\/www.facebook.com\/dronett.net","https:\/\/www.instagram.com\/dronettnet\/","https:\/\/www.linkedin.com\/company\/dronett"]}]}},"_links":{"self":[{"href":"https:\/\/dronett.net\/index.php\/wp-json\/wp\/v2\/pages\/140","targetHints":{"allow":["GET"]}}],"collection":[{"href":"https:\/\/dronett.net\/index.php\/wp-json\/wp\/v2\/pages"}],"about":[{"href":"https:\/\/dronett.net\/index.php\/wp-json\/wp\/v2\/types\/page"}],"author":[{"embeddable":true,"href":"https:\/\/dronett.net\/index.php\/wp-json\/wp\/v2\/users\/1"}],"replies":[{"embeddable":true,"href":"https:\/\/dronett.net\/index.php\/wp-json\/wp\/v2\/comments?post=140"}],"version-history":[{"count":18,"href":"https:\/\/dronett.net\/index.php\/wp-json\/wp\/v2\/pages\/140\/revisions"}],"predecessor-version":[{"id":189,"href":"https:\/\/dronett.net\/index.php\/wp-json\/wp\/v2\/pages\/140\/revisions\/189"}],"wp:attachment":[{"href":"https:\/\/dronett.net\/index.php\/wp-json\/wp\/v2\/media?parent=140"}],"curies":[{"name":"wp","href":"https:\/\/api.w.org\/{rel}","templated":true}]}}